{"id":938,"date":"2019-03-13T11:15:06","date_gmt":"2019-03-13T14:15:06","guid":{"rendered":"http:\/\/cefa.agro.uba.ar\/?page_id=938"},"modified":"2019-07-29T10:20:21","modified_gmt":"2019-07-29T13:20:21","slug":"publicaciones-por-cultivo-soja","status":"publish","type":"page","link":"https:\/\/cefa.agro.uba.ar\/en\/publicaciones-por-cultivo-soja\/","title":{"rendered":"Publicaciones por cultivo: Soja"},"content":{"rendered":"<h1 style=\"color: #75b548;\">Soybeans<\/h1>\r\n<div style='display:none;'><\/div>\r\n<div style='float:left; width:25%; padding-left:10px;'><font color=\"silver\" size=\"3\">Tesis grado\/Becas | <\/font><\/div>\r\n<div style='float:left; width:75%'>\r\n\t\r\n<p style=\"text-align: justify;\">Andreatta M. Agosto de 2013 a Febrero 2015. Beca Est\u00edmulo. Tema: Sensibilidad<em> in vitro<\/em> de hongos causantes de enfermedades de fin de ciclo de la soja a fungicidas. Director Dr. Marcelo Carmona.<\/p>\n\r\n\r\n\r\n  \r\n  \r\n      \r\n\t<hr>\r\n\r\n\t<\/div><div style='display:none;'><\/div>\r\n<div style='float:left; width:25%; padding-left:10px;'><font color=\"silver\" size=\"3\">Art\u00edculo completo en congreso | <\/font><\/div>\r\n<div style='float:left; width:75%'>\r\n\t\r\n<p style=\"text-align: justify;\">Andreatta M., Scandiani M., Carmona M. (2014). Sensibilidad <em>in vitro<\/em> de <em>Phomopsis phaseoli<\/em>, <em>Colletotrichum truncatum<\/em> y <em>Cercospora kikuchii<\/em> a eyraclostrobina + epoxyconazole y fluxapyroxad + pyraclostrobina + epoxyconazole. Premio TOP Ciencia 2014. BASF Latinoam\u00e9rica. 26 y 27 de junio de 2014.<\/p>\n\r\n\r\n\r\n  \r\n  \r\n      \r\n\t<hr>\r\n\r\n\t<\/div><div style='display:none;'><\/div>\r\n<div style='float:left; width:25%; padding-left:10px;'><font color=\"silver\" size=\"3\">Art\u00edculo completo en congreso | <\/font><\/div>\r\n<div style='float:left; width:75%'>\r\n\t\r\n<p style=\"text-align: justify;\">Avanzato V., Carmona M., Lopez S. (2006). Efecto de los fungicidas Azoxystrobina + Cyproconazole y Cyproconazole + Difenoconazole sobre la germinaci\u00f3n de uredosporas y morfolog\u00eda de estructuras infectivas de <em>Phakopsora pachyrhizi<\/em> syd. Mercosoja, 3\u00b0 Congreso de Soja del Mercosur, Rosario 27 al 30 de junio de 2006: pp. 399-402.<\/p>\n\r\n\r\n\r\n  \r\n  \r\n      \r\n <a id=\"publi\" href=\"https:\/\/cefa.agro.uba.ar\/wp-content\/uploads\/2023\/12\/avanzato2006.pdf\" target=\"_blank\" rel=\"noopener noreferrer\"><i class=\"fa fa-file-text\" aria-hidden=\"true\"><\/i> Publicaci\u00f3n en PDF<\/a>\r\n \r\n\t<hr>\r\n\r\n\t<\/div><div style='display:none;'><\/div>\r\n<div style='float:left; width:25%; padding-left:10px;'><font color=\"silver\" size=\"3\">Tesis posgrado | <\/font><\/div>\r\n<div style='float:left; width:75%'>\r\n\t\r\n<p style=\"text-align: justify;\">Bravo M. B. (2019). Estudio de la sensibilidad a fungicidas de aislados de <em>Cercospora<\/em> <em>sojina<\/em> Hara, agente causal de la mancha ojo de rana en el cultivo de soja. Tesis de Maestr\u00eda, EPG-FAUBA. Director Dr. Marcelo Carmona Co-Director Dra. Alicia Luque.<\/p>\n\r\n\r\n\r\n  \r\n<a id=\"publi\" href=\"http:\/\/ri.agro.uba.ar\/greenstone3\/library\/collection\/tesis\/document\/2019bravomariabelen\" target=\"_blank\" rel=\"noopener noreferrer\"><i class=\"fa fa-external-link-square\" aria-hidden=\"true\"><\/i> On-line publication<\/a>&nbsp;&nbsp; \r\n  \r\n      \r\n\t<hr>\r\n\r\n\t<\/div><div style='display:none;'><\/div>\r\n<div style='float:left; width:25%; padding-left:10px;'><font color=\"silver\" size=\"3\">Summary in congress | <\/font><\/div>\r\n<div style='float:left; width:75%'>\r\n\t\r\n<p style=\"text-align: justify;\">Bravo M. B., Luque A., Sautua F., Scandiani M., Mart\u00ednez Alvarez D., Carmona M. A. (2019). Sensibilidad de aislados de <em>Cercospora sojina<\/em> a fungicidas. Sensitivity of isolates of <em>Cercospora sojina<\/em> to fungicides. Taller Nacional de Enfermedades en Cultivos Extensivos. Marzo de 2019.<\/p>\n\r\n\r\n\r\n  \r\n  \r\n      \r\n\t<hr>\r\n\r\n\t<\/div><div style='display:none;'><\/div>\r\n<div style='float:left; width:25%; padding-left:10px;'><font color=\"silver\" size=\"3\">Summary in congress | <\/font><\/div>\r\n<div style='float:left; width:75%'>\r\n\t\r\n<p style=\"text-align: justify;\">Bravo M. B., Luque A., Sautua F., Scandiani M., Mart\u00ednez Alvarez D., Carmona M.A. (2019). Respiraci\u00f3n alternativa en aislados de <em>Cercospora sojina. <\/em>Alternative respiration pathway of <em>Cercospora sojina<\/em> isolates. Taller Nacional de enfermedades en Cultivos Extensivos. Marzo de 2019.<\/p>\n\r\n\r\n\r\n  \r\n  \r\n      \r\n\t<hr>\r\n\r\n\t<\/div><div style='display:none;'><\/div>\r\n<div style='float:left; width:25%; padding-left:10px;'><font color=\"silver\" size=\"3\">Summary in congress | <\/font><\/div>\r\n<div style='float:left; width:75%'>\r\n\t\r\n<p style=\"text-align: justify;\">Bravo M. B., Sautua F., Carmona M. A. (2017). Estudio de la sensibilidad a fungicidas de aislados de <em>Cercospora sojina<\/em> Hara. agente causal de la mancha ojo de rana en el cultivo de soja. Libro de Res\u00famenes del XIII Encuentro Nacional de Monitoreo, 28 y 29 de Junio de 2017, C\u00f3rdoba, p 2.<\/p>\n\r\n\r\n\r\n  \r\n  \r\n      \r\n\t<hr>\r\n\r\n\t<\/div><div style='display:none;'><\/div>\r\n<div style='float:left; width:25%; padding-left:10px;'><font color=\"silver\" size=\"3\">Summary in congress | <\/font><\/div>\r\n<div style='float:left; width:75%'>\r\n\t\r\n<p style=\"text-align: justify;\">Carmona M. A., Sautua F., Scandiani M., Bello R., Lopez V., Luque A. (2017). Evaluaci\u00f3n <em>in vitro<\/em> de la sensibilidad de pat\u00f3genos de enfermedades de fin de ciclo de la soja a mezclas de fungicidas. Libro de Res\u00famenes del XIII Encuentro Nacional de Monitoreo, 28 y 29 de Junio de 2017, C\u00f3rdoba, p 3.<\/p>\n\r\n\r\n\r\n  \r\n  \r\n      \r\n\t<hr>\r\n\r\n\t<\/div><div style='display:none;'><\/div>\r\n<div style='float:left; width:25%; padding-left:10px;'><font color=\"silver\" size=\"3\">Summary in congress | <\/font><\/div>\r\n<div style='float:left; width:75%'>\r\n\t\r\n<p style=\"text-align: justify;\">Carmona M., Sautua F. J., Grijalba P. E., Cassina M., P\u00e9rez-Hern\u00e1ndez O. (2017). K and Mn Phosphites as feasible alternatives to fungicide seed treatments for control of <em>Pythium<\/em> damping-off in soybean. APS North Central Division Meeting, June 14-16, 2017. Champaign, Illinois, Estados Unidos.<\/p>\n\r\n\r\n\r\n  \r\n  \r\n      \r\n\t<hr>\r\n\r\n\t<\/div><div style='display:none;'><\/div>\r\n<div style='float:left; width:25%; padding-left:10px;'><font color=\"silver\" size=\"3\">Art\u00edculo cient\u00edfico | <\/font><\/div>\r\n<div style='float:left; width:75%'>\r\n\t\r\n<p style=\"text-align: justify;\">Carmona M., Sautua F., P\u00e9rez-Hern\u00e1ndez O. (2019). Copper phosphite enhances efficacy of a strobilurin-triazole fungicide in controlling late season foliar diseases of soybean. Crop Protection 115: 130-134. doi: https:\/\/doi.org\/10.1016\/j.cropro.2018.09.019<\/p>\n\r\n\r\n\r\n  \r\n<a id=\"publi\" href=\"https:\/\/www.sciencedirect.com\/science\/article\/abs\/pii\/S0261219418302941?via%3Dihub\" target=\"_blank\" rel=\"noopener noreferrer\"><i class=\"fa fa-external-link-square\" aria-hidden=\"true\"><\/i> On-line publication<\/a>&nbsp;&nbsp; \r\n  \r\n      \r\n\t<hr>\r\n\r\n\t<\/div><div style='display:none;'><\/div>\r\n<div style='float:left; width:25%; padding-left:10px;'><font color=\"silver\" size=\"3\">Summary in congress | <\/font><\/div>\r\n<div style='float:left; width:75%'>\r\n\t\r\n<p style=\"text-align: justify;\">Carmona M., Scandiani M., Andreatta M. (2015). Fungicidas y criterios de manejo. Resistencia de <em>Cercospora kikuchii<\/em> a carbendazim. Latinoam\u00e9rica TOP Ciencia BASF Latinoam\u00e9rica. Mendoza, julio 2015.<\/p>\n\r\n\r\n\r\n  \r\n  \r\n      \r\n\t<hr>\r\n\r\n\t<\/div><div style='display:none;'><\/div>\r\n<div style='float:left; width:25%; padding-left:10px;'><font color=\"silver\" size=\"3\">Summary in congress | <\/font><\/div>\r\n<div style='float:left; width:75%'>\r\n\t\r\n<p style=\"text-align: justify;\">G\u00f3mez Fuentes C. M., Bleckwedel J., Claps M. P., Cataldo D., Gonz\u00e1lez M., Gonz\u00e1lez V., De Lisi V., Ploper D., Reznikov S. (2021). Evaluaci\u00f3n <em>in vitro<\/em> de la sensibilidad a fungicidas de diferentes aislados de <em>Cercospora sojina<\/em> en el noroeste argentino. 5\u00ba Congreso Argentino de Fitopatolog\u00eda, 59th Meeting of the APS Caribbean divisi\u00f3n. 22 y 23 de septiembre de 2021 (modalidad virtual).<\/p>\n\r\n\r\n\r\n  \r\n  \r\n      \r\n <a id=\"publi\" href=\"https:\/\/cefa.agro.uba.ar\/wp-content\/uploads\/2023\/12\/Gomez-Fuentes-2021.pdf\" target=\"_blank\" rel=\"noopener noreferrer\"><i class=\"fa fa-file-text\" aria-hidden=\"true\"><\/i> Publicaci\u00f3n en PDF<\/a>\r\n \r\n\t<hr>\r\n\r\n\t<\/div><div style='display:none;'><\/div>\r\n<div style='float:left; width:25%; padding-left:10px;'><font color=\"silver\" size=\"3\">Art\u00edculo cient\u00edfico | <\/font><\/div>\r\n<div style='float:left; width:75%'>\r\n\t\r\n<p style=\"text-align: justify;\">Hermida\u2010Alava K., Brito Devoto T., Sautua F., Gord\u00f3 M., Scandiani M., Formento N., Luque A., Carmona M., Cuestas M. L. (2021). Antifungal Susceptibility Profile and Molecular Identification of Cyp51C Mutations in Clinical and Environmental Isolates of <em>Aspergillus flavus<\/em> from Argentina. Mycoses 64: 95\u2013101. doi: https:\/\/doi.org\/10.1111\/myc.13193<\/p>\n\r\n\r\n\r\n  \r\n<a id=\"publi\" href=\"https:\/\/onlinelibrary.wiley.com\/doi\/10.1111\/myc.13193\" target=\"_blank\" rel=\"noopener noreferrer\"><i class=\"fa fa-external-link-square\" aria-hidden=\"true\"><\/i> On-line publication<\/a>&nbsp;&nbsp; \r\n  \r\n      \r\n\t<hr>\r\n\r\n\t<\/div><div style='display:none;'><\/div>\r\n<div style='float:left; width:25%; padding-left:10px;'><font color=\"silver\" size=\"3\">Summary in congress | <\/font><\/div>\r\n<div style='float:left; width:75%'>\r\n\t\r\n<p style=\"text-align: justify;\">Mej\u00eda C., Carmona M., Sautua F. (2017). Sensibilidad de aislados de <em>Pyrenophora teres<\/em> a la mezcla de fungicidas: azoxistrobina + cyproconazole. En: Libro de Res\u00famenes del XIII Encuentro Nacional de Monitoreo, 28 y 29 de Junio de 2017, C\u00f3rdoba. p 10.<\/p>\n\r\n\r\n\r\n  \r\n  \r\n      \r\n\t<hr>\r\n\r\n\t<\/div><div style='display:none;'><\/div>\r\n<div style='float:left; width:25%; padding-left:10px;'><font color=\"silver\" size=\"3\">Tesis posgrado | <\/font><\/div>\r\n<div style='float:left; width:75%'>\r\n\t\r\n<p style=\"text-align: justify;\">Sautua F. (2021). Sensibilidad y resistencia a fungicidas de <em>Cercospora kikuchii<\/em>, agente causal del tiz\u00f3n morado y mancha p\u00farpura de la semilla de la soja. Tesis de Doctorado, Facultad de Ciencias Agrarias y Forestales, Universidad Nacional de La Plata. Director de Tesis: Dr. Marcelo Carmona. Co-Director: Dra Mercedes Scandiani.<\/p>\n\r\n\r\n\r\n  \r\n<a id=\"publi\" href=\"https:\/\/sedici.unlp.edu.ar\/handle\/10915\/127606\" target=\"_blank\" rel=\"noopener noreferrer\"><i class=\"fa fa-external-link-square\" aria-hidden=\"true\"><\/i> On-line publication<\/a>&nbsp;&nbsp; \r\n  \r\n      \r\n\t<hr>\r\n\r\n\t<\/div><div style='display:none;'><\/div>\r\n<div style='float:left; width:25%; padding-left:10px;'><font color=\"silver\" size=\"3\">Summary in congress | <\/font><\/div>\r\n<div style='float:left; width:75%'>\r\n\t\r\n<p style=\"text-align: justify;\">Sautua F. J., Grijalba P., Cassina M., Carmona M. A., Perez-Hernandez O. (2017). Tratamiento de semillas de soja con fosfito de manganeso y potasio como alternativa para el control del Tiz\u00f3n de pl\u00e1ntulas causado por especies de <em>Pythium<\/em>. Libro de Res\u00famenes del XIII Encuentro Nacional de Monitoreo, 28 y 29 de junio de 2017, C\u00f3rdoba, p 12.<\/p>\n\r\n\r\n\r\n  \r\n  \r\n      \r\n\t<hr>\r\n\r\n\t<\/div><div style='display:none;'><\/div>\r\n<div style='float:left; width:25%; padding-left:10px;'><font color=\"silver\" size=\"3\">Summary in congress | <\/font><\/div>\r\n<div style='float:left; width:75%'>\r\n\t\r\n<p style=\"text-align: justify;\">Sautua F. J., Tobar N., Grut J. V., Carmona M. A. (2017). Efecto de la acci\u00f3n sin\u00e9rgica de fosfito de manganeso y <em>Pseudomonas fluorescens<\/em> sobre la podredumbre carbonosa de la soja (<em>Macrophomina phaseolina<\/em>). Libro de Res\u00famenes del XIII Encuentro Nacional de Monitoreo, 28 y 29 de Junio de 2017, C\u00f3rdoba, p 11.<\/p>\n\r\n\r\n\r\n  \r\n  \r\n      \r\n\t<hr>\r\n\r\n\t<\/div><div style='display:none;'><\/div>\r\n<div style='float:left; width:25%; padding-left:10px;'><font color=\"silver\" size=\"3\">Art\u00edculo cient\u00edfico | <\/font><\/div>\r\n<div style='float:left; width:75%'>\r\n\t\r\n<p style=\"text-align: justify;\">Sautua F., Doyle V. P., Price PP III, Porfiri A., Fernandez P., Scandiani M. M., Carmona M. A. (2020). Fungicide resistance in <em>Cercospora<\/em> species causing cercospora leaf blight and purple seed stain of soybean in Argentina. Plant Pathology 69: 1678\u2013 1694. doi: https:\/\/doi.org\/10.1111\/ppa.13261<\/p>\n\r\n\r\n\r\n  \r\n<a id=\"publi\" href=\"https:\/\/bsppjournals.onlinelibrary.wiley.com\/doi\/10.1111\/ppa.13261\" target=\"_blank\" rel=\"noopener noreferrer\"><i class=\"fa fa-external-link-square\" aria-hidden=\"true\"><\/i> On-line publication<\/a>&nbsp;&nbsp; \r\n  \r\n      \r\n\t<hr>\r\n\r\n\t<\/div><div style='display:none;'><\/div>\r\n<div style='float:left; width:25%; padding-left:10px;'><font color=\"silver\" size=\"3\">Art\u00edculo cient\u00edfico | <\/font><\/div>\r\n<div style='float:left; width:75%'>\r\n\t\r\n<p style=\"text-align: justify;\">Sautua F., Scandiani M. M., Gordo M., Carmona M. A., Tartabini M. L., Luque A. G. (2018). Detection and chemical control of <em>Cercospora sojina<\/em> on soybean seed in Argentina. Tropical Plant Pathology 43(6): 552-558. doi: https:\/\/doi.org\/10.1007\/s40858-018-0245-x<\/p>\n\r\n\r\n\r\n  \r\n<a id=\"publi\" href=\"https:\/\/link.springer.com\/article\/10.1007\/s40858-018-0245-x\" target=\"_blank\" rel=\"noopener noreferrer\"><i class=\"fa fa-external-link-square\" aria-hidden=\"true\"><\/i> On-line publication<\/a>&nbsp;&nbsp; \r\n  \r\n      \r\n\t<hr>\r\n\r\n\t<\/div><div style='display:none;'><\/div>\r\n<div style='float:left; width:25%; padding-left:10px;'><font color=\"silver\" size=\"3\">Art\u00edculo cient\u00edfico | <\/font><\/div>\r\n<div style='float:left; width:75%'>\r\n\t\r\n<p style=\"text-align: justify;\">Sautua F., Searight J., Doyle V. P., Price III P. P., Scandiani M. M., Carmona M. A. (2019). The G143A Mutation Confers Azoxystrobin Resistance to Soybean Cercospora Leaf Blight in Bolivia. Plant Health Progress 20: 2-3. doi:10.1094\/PHP-10-18-0060-BR<\/p>\n\r\n\r\n\r\n  \r\n<a id=\"publi\" href=\"https:\/\/apsjournals.apsnet.org\/doi\/abs\/10.1094\/PHP-10-18-0060-BR\" target=\"_blank\" rel=\"noopener noreferrer\"><i class=\"fa fa-external-link-square\" aria-hidden=\"true\"><\/i> On-line publication<\/a>&nbsp;&nbsp; \r\n  \r\n      \r\n\t<hr>\r\n\r\n\t<\/div><div style='display:none;'><\/div>\r\n<div style='float:left; width:25%; padding-left:10px;'><font color=\"silver\" size=\"3\">Art\u00edculo cient\u00edfico | <\/font><\/div>\r\n<div style='float:left; width:75%'>\r\n\t\r\n<p>Carmona M., Sautua F., Grijalba P., Cassina M., P\u00e9rez-Hernandez O. (2018). Effect of potassium and manganese phosphites in the control of <em>Pythium<\/em> damping-off in soybean: a feasible alternative to fungicide seed treatments. Pest Management, 366-374. doi: 10.1002\/ps.47142017\u00a0 2018<\/p>\n\r\n\r\n\r\n  \r\n<a id=\"publi\" href=\"https:\/\/onlinelibrary.wiley.com\/doi\/abs\/10.1002\/ps.4714\" target=\"_blank\" rel=\"noopener noreferrer\"><i class=\"fa fa-external-link-square\" aria-hidden=\"true\"><\/i> On-line publication<\/a>&nbsp;&nbsp; \r\n  \r\n      \r\n\t<hr>\r\n\r\n\t<\/div><div style='display:none;'><\/div>\r\n<div style='float:left; width:25%; padding-left:10px;'><font color=\"silver\" size=\"3\">Art\u00edculo cient\u00edfico | <\/font><\/div>\r\n<div style='float:left; width:75%'>\r\n\t\r\n<p>Carmona M., Sautua F., Scandiani M., Bello R., L\u00f3pez V., Luque A. (2017). <em>In vitro<\/em> sensitivity assessment for late season soybean pathogens to fungicide mixtures. Australasian Plant Disease Notes Australasian Plant Dis. Notes 12:20.<\/p>\n\r\n\r\n\r\n  \r\n<a id=\"publi\" href=\"https:\/\/link.springer.com\/article\/10.1007\/s13314-017-0244-7\/fulltext.html\" target=\"_blank\" rel=\"noopener noreferrer\"><i class=\"fa fa-external-link-square\" aria-hidden=\"true\"><\/i> On-line publication<\/a>&nbsp;&nbsp; \r\n  \r\n      \r\n\t<hr>\r\n\r\n\t<\/div><div style='display:none;'><\/div>\r\n<div style='float:left; width:25%; padding-left:10px;'><font color=\"silver\" size=\"3\">Art\u00edculo cient\u00edfico | <\/font><\/div>\r\n<div style='float:left; width:75%'>\r\n\t\r\n<p>Carmona M., Simonetti E., Ravotti M., Scandiani M., Luque A., Formento N., Sautua F. (2017). <em>In vitro<\/em> antifungal\/fungistatic activity of manganese phosphite against soybean soil-borne pathogens. Phyton 86: 265-269.<\/p>\n\r\n\r\n\r\n  \r\n  \r\n<a id=\"publi\" href=\"http:\/\/www.revistaphyton.fund-romuloraggio.org.ar\/vol86\/Carmona.pdf\" target=\"_blank\" rel=\"noopener noreferrer\"><i class=\"fa fa-file-text\" aria-hidden=\"true\"><\/i> Publicaci\u00f3n en PDF<\/a>\r\n\r\n      \r\n\t<hr>\r\n\r\n\t<\/div><div style='display:none;'><\/div>\r\n<div style='float:left; width:25%; padding-left:10px;'><font color=\"silver\" size=\"3\">Summary in congress | <\/font><\/div>\r\n<div style='float:left; width:75%'>\r\n\t\r\n<p>Carmona M.A., SautuaF.J., Scandiani M., Luque A.G. Estudio de sensibilidad in vitro de <em>Cercospora kikuchii<\/em> al carbendazim. Libro de Res\u00famenes del XIII Encuentro Nacional de Monitoreo, 28 y 29 de Junio de 2017, C\u00f3rdoba. p. 5.<\/p>\n\r\n\r\n\r\n  \r\n  \r\n      \r\n\t<hr>\r\n\r\n\t<\/div><div style='display:none;'><\/div>\r\n<div style='float:left; width:25%; padding-left:10px;'><font color=\"silver\" size=\"3\">Tesis posgrado | <\/font><\/div>\r\n<div style='float:left; width:75%'>\r\n\t\r\n<p>De Lisi V. Estudio de la sensibilidad a fungicidas de aislados de <em>Corynespora casiicola<\/em>, agente causal de la mancha anillada en el cultivo de soja. Tesis Doctorado. EA Obispo Colombres. Director Dr. Marcelo Carmona Co-Director Dr. Daniel Ploper Proyecto en evaluaci\u00f3n 2018.<\/p>\n\r\n\r\n\r\n  \r\n  \r\n      \r\n\t<hr>\r\n\r\n\t<\/div><div style='display:none;'><\/div>\r\n<div style='float:left; width:25%; padding-left:10px;'><font color=\"silver\" size=\"3\">Art\u00edculo cient\u00edfico | <\/font><\/div>\r\n<div style='float:left; width:75%'>\r\n\t\r\n<p>Elesgaray, A., P\u00e9rez-Piz\u00e1, M. C., Sautua, F., &amp; Carmona, M. A. (2023). Glyphosate combined with manganese phosphite reduces charcoal rot severity in soybean.\u00a0Rhizosphere,\u00a028, 100814. DOI: https:\/\/doi.org\/10.1016\/j.rhisph.2023.100814<\/p>\n\r\n\r\n\r\n  \r\n<a id=\"publi\" href=\"https:\/\/www.sciencedirect.com\/science\/article\/abs\/pii\/S2452219823001532\" target=\"_blank\" rel=\"noopener noreferrer\"><i class=\"fa fa-external-link-square\" aria-hidden=\"true\"><\/i> On-line publication<\/a>&nbsp;&nbsp; \r\n  \r\n      \r\n\t<hr>\r\n\r\n\t<\/div><div style='display:none;'><\/div>\r\n<div style='float:left; width:25%; padding-left:10px;'><font color=\"silver\" size=\"3\">Art\u00edculo cient\u00edfico | <\/font><\/div>\r\n<div style='float:left; width:75%'>\r\n\t\r\n<p>Peretti L., Bracho G., Argara\u00f1\u00e1 M., Gonz\u00e1lez A., Vaira S., Pioli R., Lur\u00e1 M. (2012). Ensayos <em>in vitro<\/em> de fungicidas frente a aislamientos regionales de los hongos fitopat\u00f3genos <em>Cercospora kikuchii<\/em> y <em>Cercospora sojina.<\/em> Revista FABICIB 16: 93 a 104.<\/p>\n\r\n\r\n\r\n  \r\n<a id=\"publi\" href=\"http:\/\/bibliotecavirtual.unl.edu.ar\/publicaciones\/index.php\/FABICIB\/article\/view\/900\/1326\" target=\"_blank\" rel=\"noopener noreferrer\"><i class=\"fa fa-external-link-square\" aria-hidden=\"true\"><\/i> On-line publication<\/a>&nbsp;&nbsp; \r\n  \r\n      \r\n\t<hr>\r\n\r\n\t<\/div><div style='display:none;'><\/div>\r\n<div style='float:left; width:25%; padding-left:10px;'><font color=\"silver\" size=\"3\">Tesis grado\/Becas | <\/font><\/div>\r\n<div style='float:left; width:75%'>\r\n\t\r\n<p>Petersen A. E. (2016). Determinaci\u00f3n de la sensibilidad de <em>Cercospora kikuchii<\/em> a Picoxystrobina + Cyproconazole y Fosfito de Cobre. Tesis de grado. Director: Dr. Marcelo Carmona, Distinguido 9, junio de 2016.<\/p>\n\r\n\r\n\r\n  \r\n  \r\n      \r\n\t<hr>\r\n\r\n\t<\/div><div style='display:none;'><\/div>\r\n<div style='float:left; width:25%; padding-left:10px;'><font color=\"silver\" size=\"3\">Art\u00edculo cient\u00edfico | <\/font><\/div>\r\n<div style='float:left; width:75%'>\r\n\t\r\n<p>Sautua, F. J., P\u00e9rez-Piz\u00e1, M. C., Scandiani, M. M., Carmona, M. A. (2024). Cercospora leaf blight and purple seed stain of soybean: A permanent challenge. <i>Plant Pathology<\/i>,\u00a0<i>73<\/i>(8), 1981-2004. https:\/\/doi.org\/10.1111\/ppa.13956<\/p>\n\r\n\r\n\r\n  \r\n<a id=\"publi\" href=\"https:\/\/bsppjournals.onlinelibrary.wiley.com\/doi\/full\/10.1111\/ppa.13956?casa_token=wdaWX0JfOs8AAAAA%3A64Z8dNnSP9I0VNi9ubK8Hx_pLoLnJOc04c9a6M3JHjrL_RrWZ-OiC7QHVL2LsCdwYxnKZXqQQVvRcul3\" target=\"_blank\" rel=\"noopener noreferrer\"><i class=\"fa fa-external-link-square\" aria-hidden=\"true\"><\/i> On-line publication<\/a>&nbsp;&nbsp; \r\n  \r\n      \r\n\t<hr>\r\n\r\n\t<\/div>","protected":false},"excerpt":{"rendered":"<p class=\"first-child\"><span title=\"S\" class=\"cv-drop-cap\">S<\/span>oja<\/p>","protected":false},"author":5,"featured_media":0,"parent":0,"menu_order":0,"comment_status":"closed","ping_status":"closed","template":"","meta":{"footnotes":""},"class_list":["post-938","page","type-page","status-publish","hentry"],"_links":{"self":[{"href":"https:\/\/cefa.agro.uba.ar\/en\/wp-json\/wp\/v2\/pages\/938","targetHints":{"allow":["GET"]}}],"collection":[{"href":"https:\/\/cefa.agro.uba.ar\/en\/wp-json\/wp\/v2\/pages"}],"about":[{"href":"https:\/\/cefa.agro.uba.ar\/en\/wp-json\/wp\/v2\/types\/page"}],"author":[{"embeddable":true,"href":"https:\/\/cefa.agro.uba.ar\/en\/wp-json\/wp\/v2\/users\/5"}],"replies":[{"embeddable":true,"href":"https:\/\/cefa.agro.uba.ar\/en\/wp-json\/wp\/v2\/comments?post=938"}],"version-history":[{"count":0,"href":"https:\/\/cefa.agro.uba.ar\/en\/wp-json\/wp\/v2\/pages\/938\/revisions"}],"wp:attachment":[{"href":"https:\/\/cefa.agro.uba.ar\/en\/wp-json\/wp\/v2\/media?parent=938"}],"curies":[{"name":"wp","href":"https:\/\/api.w.org\/{rel}","templated":true}]}}