{"id":1557,"date":"2019-07-29T11:34:58","date_gmt":"2019-07-29T14:34:58","guid":{"rendered":"http:\/\/cefa.agro.uba.ar\/?page_id=1557"},"modified":"2024-01-17T10:19:49","modified_gmt":"2024-01-17T13:19:49","slug":"publicaciones","status":"publish","type":"page","link":"https:\/\/cefa.agro.uba.ar\/en\/publicaciones\/","title":{"rendered":"Publications"},"content":{"rendered":"<h1 style=\"color: #75b548;\">Publications by crop<\/h1>\n<ul>\n<li><a href=\"http:\/\/cefa.agro.uba.ar\/en\/publicaciones-por-cultivo-arroz\/\">Alfalfa <\/a><\/li>\n<li><a href=\"http:\/\/cefa.agro.uba.ar\/en\/publicaciones-por-cultivo-arroz\/\">Rice <\/a><\/li>\n<li><a href=\"http:\/\/cefa.agro.uba.ar\/en\/publicaciones-por-cultivo-cebada\/\">Barley <\/a><\/li>\n<li><a href=\"http:\/\/cefa.agro.uba.ar\/en\/publicaciones-por-cultivo-citricos\/\">Citrus<\/a><\/li>\n<li><a href=\"http:\/\/cefa.agro.uba.ar\/en\/publicaciones-por-cultivo-garbanzo\/\">Chickpea <\/a><\/li>\n<li><a href=\"http:\/\/cefa.agro.uba.ar\/en\/publicaciones-por-cultivo-horticolas\/\">Horticultural<\/a><\/li>\n<li><a href=\"http:\/\/cefa.agro.uba.ar\/en\/publicaciones-por-cultivo-maiz\/\">Corn <\/a><\/li>\n<li><a href=\"http:\/\/cefa.agro.uba.ar\/en\/publicaciones-por-cultivo-mani\/\">Peanuts <\/a><\/li>\n<li><a href=\"http:\/\/cefa.agro.uba.ar\/en\/publicaciones-por-cultivo-arroz\/\">Olive tree <\/a><\/li>\n<li><a href=\"http:\/\/cefa.agro.uba.ar\/en\/publicaciones-por-cultivo-peras-y-manzanas\/\">Pears and Apples <\/a><\/li>\n<li><a href=\"http:\/\/cefa.agro.uba.ar\/en\/publicaciones-por-cultivo-poroto\/\">Bean<\/a><\/li>\n<li><a href=\"http:\/\/cefa.agro.uba.ar\/en\/publicaciones-por-cultivo-soja\/\">Soybeans<\/a><\/li>\n<li><a href=\"http:\/\/cefa.agro.uba.ar\/en\/publicaciones-por-cultivo-trigo\/\">Wheat <\/a><\/li>\n<li><a href=\"http:\/\/cefa.agro.uba.ar\/en\/resistencia-general-varios-cultivos-fungicidas-multisitios-protocolos-para-cuantificar-sensibilidad\/\">General resistance, various crops, multisite fungicides, protocols for quantifying sensitivity<\/a><\/li>\n<\/ul>","protected":false},"excerpt":{"rendered":"<p class=\"first-child\"><span title=\"P\" class=\"cv-drop-cap\">P<\/span>ublicaciones por cultivo Alfalfa Arroz Cebada C\u00edtricos Garbanzo Hort\u00edcolas Ma\u00edz Man\u00ed Olivo Peras y Manzanas Poroto Soja Trigo Resistencia general, varios cultivos, fungicidas multisitios, protocolos para cuantificar sensibilidad<\/p>","protected":false},"author":5,"featured_media":0,"parent":0,"menu_order":0,"comment_status":"closed","ping_status":"closed","template":"","meta":{"footnotes":""},"class_list":["post-1557","page","type-page","status-publish","hentry"],"_links":{"self":[{"href":"https:\/\/cefa.agro.uba.ar\/en\/wp-json\/wp\/v2\/pages\/1557","targetHints":{"allow":["GET"]}}],"collection":[{"href":"https:\/\/cefa.agro.uba.ar\/en\/wp-json\/wp\/v2\/pages"}],"about":[{"href":"https:\/\/cefa.agro.uba.ar\/en\/wp-json\/wp\/v2\/types\/page"}],"author":[{"embeddable":true,"href":"https:\/\/cefa.agro.uba.ar\/en\/wp-json\/wp\/v2\/users\/5"}],"replies":[{"embeddable":true,"href":"https:\/\/cefa.agro.uba.ar\/en\/wp-json\/wp\/v2\/comments?post=1557"}],"version-history":[{"count":0,"href":"https:\/\/cefa.agro.uba.ar\/en\/wp-json\/wp\/v2\/pages\/1557\/revisions"}],"wp:attachment":[{"href":"https:\/\/cefa.agro.uba.ar\/en\/wp-json\/wp\/v2\/media?parent=1557"}],"curies":[{"name":"wp","href":"https:\/\/api.w.org\/{rel}","templated":true}]}}