{"id":1541,"date":"2019-07-29T10:26:53","date_gmt":"2019-07-29T13:26:53","guid":{"rendered":"http:\/\/cefa.agro.uba.ar\/?page_id=1541"},"modified":"2019-07-29T10:26:53","modified_gmt":"2019-07-29T13:26:53","slug":"publicaciones-por-cultivo-trigo","status":"publish","type":"page","link":"https:\/\/cefa.agro.uba.ar\/en\/publicaciones-por-cultivo-trigo\/","title":{"rendered":"Publicaciones por cultivo: Trigo"},"content":{"rendered":"<h1 style=\"color: #75b548;\">Wheat<\/h1>\r\n<div style='display:none;'><\/div>\r\n<div style='float:left; width:25%; padding-left:10px;'><font color=\"silver\" size=\"3\">Art\u00edculo completo en congreso | <\/font><\/div>\r\n<div style='float:left; width:75%'>\r\n\t\r\n<p style=\"text-align: justify;\"><span class=\"bibliografia\">Sautua F., Carmona M. (2021). Resistencia de <em>Pyrenophora tritici-repentis<\/em> en Argentina: Estado actual de las investigaciones. En: 5\u00b0 Congreso Argentino de Fitopatolog\u00eda, 59\u00b0 Meeting of the APS Caribbean Division, pp 73-74.<\/span><\/p>\n\r\n\r\n\r\n  \r\n  \r\n      \r\n <a id=\"publi\" href=\"https:\/\/cefa.agro.uba.ar\/wp-content\/uploads\/2023\/12\/Carmona-M-Taller-Cefa-FINAL-1.pdf\" target=\"_blank\" rel=\"noopener noreferrer\"><i class=\"fa fa-file-text\" aria-hidden=\"true\"><\/i> Publicaci\u00f3n en PDF<\/a>\r\n \r\n\t<hr>\r\n\r\n\t<\/div><div style='display:none;'><\/div>\r\n<div style='float:left; width:25%; padding-left:10px;'><font color=\"silver\" size=\"3\">Art\u00edculo cient\u00edfico | <\/font><\/div>\r\n<div style='float:left; width:75%'>\r\n\t\r\n<p style=\"text-align: justify;\">Carmona M. A., Sautua F., P\u00e9rez-H\u00e9rnandez O., Reis E. M. (2020). Role of fungicide applications on the integrated management of wheat stripe rust. <em>Frontiers in Plant Science<\/em> 11: 733. doi: https:\/\/doi.org\/10.3389\/fpls.2020.00733<\/p>\n\r\n\r\n\r\n  \r\n<a id=\"publi\" href=\"https:\/\/www.frontiersin.org\/articles\/10.3389\/fpls.2020.00733\/full\" target=\"_blank\" rel=\"noopener noreferrer\"><i class=\"fa fa-external-link-square\" aria-hidden=\"true\"><\/i> On-line publication<\/a>&nbsp;&nbsp; \r\n  \r\n      \r\n <a id=\"publi\" href=\"https:\/\/cefa.agro.uba.ar\/wp-content\/uploads\/2023\/12\/Carmona-et-al.-2020.pdf\" target=\"_blank\" rel=\"noopener noreferrer\"><i class=\"fa fa-file-text\" aria-hidden=\"true\"><\/i> Publicaci\u00f3n en PDF<\/a>\r\n \r\n\t<hr>\r\n\r\n\t<\/div><div style='display:none;'><\/div>\r\n<div style='float:left; width:25%; padding-left:10px;'><font color=\"silver\" size=\"3\">Tesis posgrado | <\/font><\/div>\r\n<div style='float:left; width:75%'>\r\n\t\r\n<p style=\"text-align: justify;\">Rossato Augusti G. (2020). The status of fungicide resistance in South American <em>Zymoseptoria tritici<\/em> populations. Doctoral dissertation, University of Reading, Berkshire, Inglaterra.<\/p>\n\r\n\r\n\r\n  \r\n<a id=\"publi\" href=\"https:\/\/centaur.reading.ac.uk\/96825\/\" target=\"_blank\" rel=\"noopener noreferrer\"><i class=\"fa fa-external-link-square\" aria-hidden=\"true\"><\/i> On-line publication<\/a>&nbsp;&nbsp; \r\n  \r\n      \r\n\t<hr>\r\n\r\n\t<\/div><div style='display:none;'><\/div>\r\n<div style='float:left; width:25%; padding-left:10px;'><font color=\"silver\" size=\"3\">Art\u00edculo cient\u00edfico | <\/font><\/div>\r\n<div style='float:left; width:75%'>\r\n\t\r\n<p style=\"text-align: justify;\">Sautua F., Carmona M. (2021). Detection and characterization of QoI resistance in <em>Pyrenophora tritici-repentis<\/em> populations causing tan spot of wheat in Argentina. Plant Pathology 70(9), 2125-2136. doi: https:\/\/doi.org\/10.1111\/ppa.13436<\/p>\n\r\n\r\n\r\n  \r\n<a id=\"publi\" href=\"https:\/\/bsppjournals.onlinelibrary.wiley.com\/doi\/10.1111\/ppa.13436?af=R\" target=\"_blank\" rel=\"noopener noreferrer\"><i class=\"fa fa-external-link-square\" aria-hidden=\"true\"><\/i> On-line publication<\/a>&nbsp;&nbsp; \r\n  \r\n      \r\n\t<hr>\r\n\r\n\t<\/div><div style='display:none;'><\/div>\r\n<div style='float:left; width:25%; padding-left:10px;'><font color=\"silver\" size=\"3\">Art\u00edculo cient\u00edfico | <\/font><\/div>\r\n<div style='float:left; width:75%'>\r\n\t\r\n<p style=\"text-align: justify;\">Sautua FS, Carmona MA. (2022). Baseline sensitivity of QoI-resistant isolates of <em>Pyrenophora tritici-repentis<\/em> from Argentina to fenpicoxamid. Eur J Plant Pathol 164, 583\u2013591. https:\/\/doi.org\/10.1007\/s10658-022-02582-y<\/p>\n\r\n\r\n\r\n  \r\n<a id=\"publi\" href=\"https:\/\/link.springer.com\/article\/10.1007\/s10658-022-02582-y\" target=\"_blank\" rel=\"noopener noreferrer\"><i class=\"fa fa-external-link-square\" aria-hidden=\"true\"><\/i> On-line publication<\/a>&nbsp;&nbsp; \r\n  \r\n      \r\n <a id=\"publi\" href=\"https:\/\/cefa.agro.uba.ar\/wp-content\/uploads\/2023\/12\/Sautua-y-Carmona-2022.pdf\" target=\"_blank\" rel=\"noopener noreferrer\"><i class=\"fa fa-file-text\" aria-hidden=\"true\"><\/i> Publicaci\u00f3n en PDF<\/a>\r\n \r\n\t<hr>\r\n\r\n\t<\/div><div style='display:none;'><\/div>\r\n<div style='float:left; width:25%; padding-left:10px;'><font color=\"silver\" size=\"3\">Art\u00edculo completo en congreso | <\/font><\/div>\r\n<div style='float:left; width:75%'>\r\n\t\r\n<p>Carmona M. (2007). La roya de la hoja de trigo plantea nuevos desaf\u00edos a este cereal en la Argentina. Cambios de la eficiencia de control de los triazoles.<\/p>\n\r\n\r\n\r\n  \r\n<a id=\"publi\" href=\"https:\/\/www.agro.uba.ar\/noticias\/interes-general-news\/la-roya-de-la-hoja-de-trigo-plantea-nuevos-desafios-este-cereal-en-la-argentina\" target=\"_blank\" rel=\"noopener noreferrer\"><i class=\"fa fa-external-link-square\" aria-hidden=\"true\"><\/i> On-line publication<\/a>&nbsp;&nbsp; \r\n  \r\n      \r\n\t<hr>\r\n\r\n\t<\/div><div style='display:none;'><\/div>\r\n<div style='float:left; width:25%; padding-left:10px;'><font color=\"silver\" size=\"3\">Art\u00edculo completo en congreso | <\/font><\/div>\r\n<div style='float:left; width:75%'>\r\n\t\r\n<p>Carmona M. A. (2008). Nuevas razas de la roya naranja del trigo. INTA Rafaela. Informaci\u00f3n de trigo y otros cultivos de invierno. Campa\u00f1a 2008. Pub. Miscel\u00e1nea 109:50-55.<\/p>\n\r\n\r\n\r\n  \r\n  \r\n<a id=\"publi\" href=\"http:\/\/rafaela.inta.gov.ar\/info\/miscelaneas\/109\/trigo2008_050.pdf\" target=\"_blank\" rel=\"noopener noreferrer\"><i class=\"fa fa-file-text\" aria-hidden=\"true\"><\/i> Publicaci\u00f3n en PDF<\/a>\r\n\r\n      \r\n\t<hr>\r\n\r\n\t<\/div><div style='display:none;'><\/div>\r\n<div style='float:left; width:25%; padding-left:10px;'><font color=\"silver\" size=\"3\">Summary in congress | <\/font><\/div>\r\n<div style='float:left; width:75%'>\r\n\t\r\n<p>Grabowski C., Gonz\u00e1lez C., Dominguez J., Soil\u00e1n L., Sautua F., Carmona M. (2021). Estimaci\u00f3n de la concentraci\u00f3n efectiva de mezclas de fungicida para aislados de <em>Bipolaris sorokiniana<\/em>, agente causal de la mancha marr\u00f3n de trigo en Paraguay. 5\u00ba Congreso Argentino de Fitopatolog\u00eda, 59th Meeting of the APS Caribbean Division. 22 y 23 de septiembre de 2021 (modalidad virtual).<\/p>\n\r\n\r\n\r\n  \r\n  \r\n      \r\n <a id=\"publi\" href=\"https:\/\/cefa.agro.uba.ar\/wp-content\/uploads\/2023\/12\/Resumen-de-Congreso-Grabowski.pdf\" target=\"_blank\" rel=\"noopener noreferrer\"><i class=\"fa fa-file-text\" aria-hidden=\"true\"><\/i> Publicaci\u00f3n en PDF<\/a>\r\n \r\n\t<hr>\r\n\r\n\t<\/div><div style='display:none;'><\/div>\r\n<div style='float:left; width:25%; padding-left:10px;'><font color=\"silver\" size=\"3\">Art\u00edculo completo en congreso | <\/font><\/div>\r\n<div style='float:left; width:75%'>\r\n\t\r\n<p>Reis E.M., Carmona M. (2011). Sensibilidad de razas de <em>Puccinia triticina<\/em> a fungicidas. En: II SIMPOSIO NACIONAL DE AGRICULTURA, FAGRO &#8211; GTI Agricultura e IPNI Cono Sur, 29 y 30 de setiembre de 2011, Paysandu, Uruguay. Ed Universidad de la Rep\u00fablica, Montevideo, Uruguay, Hemisferio Sur ISBN 978-9974-0- 0781-9.\u00a0pp 89-94.<\/p>\n\r\n\r\n\r\n  \r\n  \r\n      \r\n\t<hr>\r\n\r\n\t<\/div>","protected":false},"excerpt":{"rendered":"<p class=\"first-child\"><span title=\"T\" class=\"cv-drop-cap\">T<\/span>rigo<\/p>","protected":false},"author":5,"featured_media":0,"parent":0,"menu_order":0,"comment_status":"closed","ping_status":"closed","template":"","meta":{"footnotes":""},"class_list":["post-1541","page","type-page","status-publish","hentry"],"_links":{"self":[{"href":"https:\/\/cefa.agro.uba.ar\/en\/wp-json\/wp\/v2\/pages\/1541","targetHints":{"allow":["GET"]}}],"collection":[{"href":"https:\/\/cefa.agro.uba.ar\/en\/wp-json\/wp\/v2\/pages"}],"about":[{"href":"https:\/\/cefa.agro.uba.ar\/en\/wp-json\/wp\/v2\/types\/page"}],"author":[{"embeddable":true,"href":"https:\/\/cefa.agro.uba.ar\/en\/wp-json\/wp\/v2\/users\/5"}],"replies":[{"embeddable":true,"href":"https:\/\/cefa.agro.uba.ar\/en\/wp-json\/wp\/v2\/comments?post=1541"}],"version-history":[{"count":0,"href":"https:\/\/cefa.agro.uba.ar\/en\/wp-json\/wp\/v2\/pages\/1541\/revisions"}],"wp:attachment":[{"href":"https:\/\/cefa.agro.uba.ar\/en\/wp-json\/wp\/v2\/media?parent=1541"}],"curies":[{"name":"wp","href":"https:\/\/api.w.org\/{rel}","templated":true}]}}